{"id":2192,"date":"2017-11-12T16:24:08","date_gmt":"2017-11-12T15:24:08","guid":{"rendered":"https:\/\/chateaudemessey.com\/winegrowers-houses\/"},"modified":"2023-12-13T00:08:49","modified_gmt":"2023-12-12T23:08:49","slug":"winegrowers-houses","status":"publish","type":"page","link":"http:\/\/chateaudemessey.com\/en\/winegrowers-houses\/","title":{"rendered":"Winegrowers&#8217; houses"},"content":{"rendered":"<p><div class=\"fusion-fullwidth fullwidth-box fusion-builder-row-1 nonhundred-percent-fullwidth non-hundred-percent-height-scrolling\" style=\"--awb-border-radius-top-left:0px;--awb-border-radius-top-right:0px;--awb-border-radius-bottom-right:0px;--awb-border-radius-bottom-left:0px;--awb-flex-wrap:wrap;\" ><div class=\"fusion-builder-row fusion-row\"><div class=\"fusion-layout-column fusion_builder_column fusion-builder-column-0 fusion_builder_column_1_1 1_1 fusion-one-full fusion-column-first fusion-column-last\" style=\"--awb-bg-size:cover;\"><div class=\"fusion-column-wrapper fusion-flex-column-wrapper-legacy\"><div class=\"fusion-text fusion-text-1\" style=\"--awb-text-transform:none;\"><p>Until 1950, the winegrowers who worked on the estate lived in these houses. At the time, 50 hectares were planted with vines, which required a lot of manpower. There were 6 houses, which we tastefully refurbished and added the necessary modern comforts. These houses stand alongside a millstream, the Natouze, which holds back water to power the mill. They form a group of 5 g\u00eetes that can be rented individually or together:<\/p>\n<p>Chardonnay, 3-bedroom g\u00eete; Montrachet, 3-bedroom g\u00eete; Montagny, 1-bedroom g\u00eete; Avoueries-Chassagne, 5-bedroom g\u00eete.<\/p>\n<p>To this ensemble must be added a beautiful games room opening directly onto the inner courtyard and the Natouze.<\/p>\n<p>The rental price for all the Maisons Vigneronnes is \u20ac2,280 for 2 nights and 30 people. Final cleaning and extra beds are extra.<\/p>\n<\/div><div class=\"fusion-sep-clear\"><\/div><div class=\"fusion-separator fusion-full-width-sep\" style=\"margin-left: auto;margin-right: auto;width:100%;\"><\/div><div class=\"fusion-sep-clear\"><\/div><div class=\"fusion-clearfix\"><\/div><\/div><\/div><\/div><\/div><div class=\"fusion-fullwidth fullwidth-box fusion-builder-row-2 nonhundred-percent-fullwidth non-hundred-percent-height-scrolling\" style=\"--awb-border-radius-top-left:0px;--awb-border-radius-top-right:0px;--awb-border-radius-bottom-right:0px;--awb-border-radius-bottom-left:0px;--awb-flex-wrap:wrap;\" ><div class=\"fusion-builder-row fusion-row\"><div class=\"fusion-layout-column fusion_builder_column fusion-builder-column-1 fusion_builder_column_3_4 3_4 fusion-three-fourth fusion-column-first\" style=\"--awb-bg-size:cover;width:75%;width:calc(75% - ( ( 4% ) * 0.75 ) );margin-right: 4%;\"><div class=\"fusion-column-wrapper fusion-flex-column-wrapper-legacy\"><div class=\"fusion-image-element in-legacy-container\" style=\"--awb-caption-title-font-family:var(--h2_typography-font-family);--awb-caption-title-font-weight:var(--h2_typography-font-weight);--awb-caption-title-font-style:var(--h2_typography-font-style);--awb-caption-title-size:var(--h2_typography-font-size);--awb-caption-title-transform:var(--h2_typography-text-transform);--awb-caption-title-line-height:var(--h2_typography-line-height);--awb-caption-title-letter-spacing:var(--h2_typography-letter-spacing);\"><span class=\" fusion-imageframe imageframe-none imageframe-1 hover-type-none\"><img decoding=\"async\" width=\"2048\" height=\"1536\" title=\"16422791_1532105076817653_2562887768117713590_o\" src=\"http:\/\/pmjdpfwj.preview.infomaniak.website\/wp-content\/uploads\/2017\/12\/16422791_1532105076817653_2562887768117713590_o.jpg\" alt class=\"img-responsive wp-image-1896\" srcset=\"http:\/\/chateaudemessey.com\/wp-content\/uploads\/2017\/12\/16422791_1532105076817653_2562887768117713590_o-200x150.jpg 200w, http:\/\/chateaudemessey.com\/wp-content\/uploads\/2017\/12\/16422791_1532105076817653_2562887768117713590_o-400x300.jpg 400w, http:\/\/chateaudemessey.com\/wp-content\/uploads\/2017\/12\/16422791_1532105076817653_2562887768117713590_o-600x450.jpg 600w, http:\/\/chateaudemessey.com\/wp-content\/uploads\/2017\/12\/16422791_1532105076817653_2562887768117713590_o-800x600.jpg 800w, http:\/\/chateaudemessey.com\/wp-content\/uploads\/2017\/12\/16422791_1532105076817653_2562887768117713590_o-1200x900.jpg 1200w, http:\/\/chateaudemessey.com\/wp-content\/uploads\/2017\/12\/16422791_1532105076817653_2562887768117713590_o.jpg 2048w\" sizes=\"(max-width: 800px) 100vw, 800px\" \/><\/span><\/div><div class=\"fusion-clearfix\"><\/div><\/div><\/div><div class=\"fusion-layout-column fusion_builder_column fusion-builder-column-2 fusion_builder_column_1_4 1_4 fusion-one-fourth fusion-column-last\" style=\"--awb-bg-size:cover;width:25%;width:calc(25% - ( ( 4% ) * 0.25 ) );\"><div class=\"fusion-column-wrapper fusion-flex-column-wrapper-legacy\"><div class=\"fusion-title title fusion-title-1 fusion-sep-none fusion-title-text fusion-title-size-one\"><h1 class=\"fusion-title-heading title-heading-left\" style=\"margin:0;\"><h1>G\u00eete Chardonnay<\/h1><\/h1><\/div><div class=\"fusion-text fusion-text-2\"><p>The oldest of the Gites, the Gites Chardonnay sleeps 8.<\/p>\n<p>It has two floors.<\/p>\n<p>One floor with two bedrooms and the other with one bedroom and a kitchen.<\/p>\n<\/div><div class=\"fusion-button-wrapper\"><a class=\"fusion-button button-flat fusion-button-default-size button-default fusion-button-default button-1 fusion-button-default-span fusion-button-default-type\" target=\"_self\" href=\"https:\/\/demessey.fr\/gites-chardonnay\/\"><span class=\"fusion-button-text\">Read more <\/span><\/a><\/div><div class=\"fusion-clearfix\"><\/div><\/div><\/div><\/div><\/div><div class=\"fusion-fullwidth fullwidth-box fusion-builder-row-3 nonhundred-percent-fullwidth non-hundred-percent-height-scrolling\" style=\"--awb-border-radius-top-left:0px;--awb-border-radius-top-right:0px;--awb-border-radius-bottom-right:0px;--awb-border-radius-bottom-left:0px;--awb-flex-wrap:wrap;\" ><div class=\"fusion-builder-row fusion-row\"><div class=\"fusion-layout-column fusion_builder_column fusion-builder-column-3 fusion_builder_column_1_1 1_1 fusion-one-full fusion-column-first fusion-column-last\" style=\"--awb-bg-size:cover;\"><div class=\"fusion-column-wrapper fusion-flex-column-wrapper-legacy\"><div class=\"fusion-sep-clear\"><\/div><div class=\"fusion-separator fusion-full-width-sep\" style=\"margin-left: auto;margin-right: auto;width:100%;\"><\/div><div class=\"fusion-sep-clear\"><\/div><div class=\"fusion-clearfix\"><\/div><\/div><\/div><\/div><\/div><div class=\"fusion-fullwidth fullwidth-box fusion-builder-row-4 nonhundred-percent-fullwidth non-hundred-percent-height-scrolling\" style=\"--awb-border-radius-top-left:0px;--awb-border-radius-top-right:0px;--awb-border-radius-bottom-right:0px;--awb-border-radius-bottom-left:0px;--awb-flex-wrap:wrap;\" ><div class=\"fusion-builder-row fusion-row\"><div class=\"fusion-layout-column fusion_builder_column fusion-builder-column-4 fusion_builder_column_3_4 3_4 fusion-three-fourth fusion-column-first\" style=\"--awb-bg-size:cover;width:75%;width:calc(75% - ( ( 4% ) * 0.75 ) );margin-right: 4%;\"><div class=\"fusion-column-wrapper fusion-flex-column-wrapper-legacy\"><div class=\"fusion-image-element in-legacy-container\" style=\"--awb-caption-title-font-family:var(--h2_typography-font-family);--awb-caption-title-font-weight:var(--h2_typography-font-weight);--awb-caption-title-font-style:var(--h2_typography-font-style);--awb-caption-title-size:var(--h2_typography-font-size);--awb-caption-title-transform:var(--h2_typography-text-transform);--awb-caption-title-line-height:var(--h2_typography-line-height);--awb-caption-title-letter-spacing:var(--h2_typography-letter-spacing);\"><span class=\" fusion-imageframe imageframe-none imageframe-2 hover-type-none\"><img decoding=\"async\" width=\"2048\" height=\"1536\" title=\"16463713_1532063613488466_182479014422175812_o\" src=\"http:\/\/pmjdpfwj.preview.infomaniak.website\/wp-content\/uploads\/2017\/12\/16463713_1532063613488466_182479014422175812_o.jpg\" alt class=\"img-responsive wp-image-1901\" srcset=\"http:\/\/chateaudemessey.com\/wp-content\/uploads\/2017\/12\/16463713_1532063613488466_182479014422175812_o-200x150.jpg 200w, http:\/\/chateaudemessey.com\/wp-content\/uploads\/2017\/12\/16463713_1532063613488466_182479014422175812_o-400x300.jpg 400w, http:\/\/chateaudemessey.com\/wp-content\/uploads\/2017\/12\/16463713_1532063613488466_182479014422175812_o-600x450.jpg 600w, http:\/\/chateaudemessey.com\/wp-content\/uploads\/2017\/12\/16463713_1532063613488466_182479014422175812_o-800x600.jpg 800w, http:\/\/chateaudemessey.com\/wp-content\/uploads\/2017\/12\/16463713_1532063613488466_182479014422175812_o-1200x900.jpg 1200w, http:\/\/chateaudemessey.com\/wp-content\/uploads\/2017\/12\/16463713_1532063613488466_182479014422175812_o.jpg 2048w\" sizes=\"(max-width: 800px) 100vw, 800px\" \/><\/span><\/div><div class=\"fusion-clearfix\"><\/div><\/div><\/div><div class=\"fusion-layout-column fusion_builder_column fusion-builder-column-5 fusion_builder_column_1_4 1_4 fusion-one-fourth fusion-column-last\" style=\"--awb-bg-size:cover;width:25%;width:calc(25% - ( ( 4% ) * 0.25 ) );\"><div class=\"fusion-column-wrapper fusion-flex-column-wrapper-legacy\"><div class=\"fusion-title title fusion-title-2 fusion-sep-none fusion-title-text fusion-title-size-one\"><h1 class=\"fusion-title-heading title-heading-left\" style=\"margin:0;\"><h1>G\u00eete Montrachet<\/h1><\/h1><\/div><div class=\"fusion-text fusion-text-3\"><p>This two-storey gite sleeps 6.<\/p>\n<\/div><div class=\"fusion-button-wrapper\"><a class=\"fusion-button button-flat fusion-button-default-size button-default fusion-button-default button-2 fusion-button-default-span fusion-button-default-type\" target=\"_self\" href=\"https:\/\/demessey.fr\/gite-montrachet\/\"><span class=\"fusion-button-text\">Read more <\/span><\/a><\/div><div class=\"fusion-clearfix\"><\/div><\/div><\/div><\/div><\/div><div class=\"fusion-fullwidth fullwidth-box fusion-builder-row-5 nonhundred-percent-fullwidth non-hundred-percent-height-scrolling\" style=\"--awb-border-radius-top-left:0px;--awb-border-radius-top-right:0px;--awb-border-radius-bottom-right:0px;--awb-border-radius-bottom-left:0px;--awb-flex-wrap:wrap;\" ><div class=\"fusion-builder-row fusion-row\"><div class=\"fusion-layout-column fusion_builder_column fusion-builder-column-6 fusion_builder_column_1_1 1_1 fusion-one-full fusion-column-first fusion-column-last\" style=\"--awb-bg-size:cover;\"><div class=\"fusion-column-wrapper fusion-flex-column-wrapper-legacy\"><div class=\"fusion-sep-clear\"><\/div><div class=\"fusion-separator fusion-full-width-sep\" style=\"margin-left: auto;margin-right: auto;width:100%;\"><\/div><div class=\"fusion-sep-clear\"><\/div><div class=\"fusion-clearfix\"><\/div><\/div><\/div><\/div><\/div><div class=\"fusion-fullwidth fullwidth-box fusion-builder-row-6 nonhundred-percent-fullwidth non-hundred-percent-height-scrolling\" style=\"--awb-border-radius-top-left:0px;--awb-border-radius-top-right:0px;--awb-border-radius-bottom-right:0px;--awb-border-radius-bottom-left:0px;--awb-flex-wrap:wrap;\" ><div class=\"fusion-builder-row fusion-row\"><div class=\"fusion-layout-column fusion_builder_column fusion-builder-column-7 fusion_builder_column_3_4 3_4 fusion-three-fourth fusion-column-first\" style=\"--awb-bg-size:cover;width:75%;width:calc(75% - ( ( 4% ) * 0.75 ) );margin-right: 4%;\"><div class=\"fusion-column-wrapper fusion-flex-column-wrapper-legacy\"><div class=\"fusion-image-element in-legacy-container\" style=\"--awb-caption-title-font-family:var(--h2_typography-font-family);--awb-caption-title-font-weight:var(--h2_typography-font-weight);--awb-caption-title-font-style:var(--h2_typography-font-style);--awb-caption-title-size:var(--h2_typography-font-size);--awb-caption-title-transform:var(--h2_typography-text-transform);--awb-caption-title-line-height:var(--h2_typography-line-height);--awb-caption-title-letter-spacing:var(--h2_typography-letter-spacing);\"><span class=\" fusion-imageframe imageframe-none imageframe-3 hover-type-none\"><img decoding=\"async\" width=\"1500\" height=\"844\" title=\"16402796_1530943116933849_7562843081335715135_o\" src=\"http:\/\/pmjdpfwj.preview.infomaniak.website\/wp-content\/uploads\/2017\/12\/16402796_1530943116933849_7562843081335715135_o.jpg\" alt class=\"img-responsive wp-image-1885\" srcset=\"http:\/\/chateaudemessey.com\/wp-content\/uploads\/2017\/12\/16402796_1530943116933849_7562843081335715135_o-200x113.jpg 200w, http:\/\/chateaudemessey.com\/wp-content\/uploads\/2017\/12\/16402796_1530943116933849_7562843081335715135_o-400x225.jpg 400w, http:\/\/chateaudemessey.com\/wp-content\/uploads\/2017\/12\/16402796_1530943116933849_7562843081335715135_o-600x338.jpg 600w, http:\/\/chateaudemessey.com\/wp-content\/uploads\/2017\/12\/16402796_1530943116933849_7562843081335715135_o-800x450.jpg 800w, http:\/\/chateaudemessey.com\/wp-content\/uploads\/2017\/12\/16402796_1530943116933849_7562843081335715135_o-1200x675.jpg 1200w, http:\/\/chateaudemessey.com\/wp-content\/uploads\/2017\/12\/16402796_1530943116933849_7562843081335715135_o.jpg 1500w\" sizes=\"(max-width: 800px) 100vw, 800px\" \/><\/span><\/div><div class=\"fusion-clearfix\"><\/div><\/div><\/div><div class=\"fusion-layout-column fusion_builder_column fusion-builder-column-8 fusion_builder_column_1_4 1_4 fusion-one-fourth fusion-column-last\" style=\"--awb-bg-size:cover;width:25%;width:calc(25% - ( ( 4% ) * 0.25 ) );\"><div class=\"fusion-column-wrapper fusion-flex-column-wrapper-legacy\"><div class=\"fusion-title title fusion-title-3 fusion-sep-none fusion-title-text fusion-title-size-one\"><h1 class=\"fusion-title-heading title-heading-left\" style=\"margin:0;\"><h1>G\u00eete Montagny<\/h1><\/h1><\/div><div class=\"fusion-text fusion-text-4\"><p>Sleeping three, this gite is perfect for a couple with a child or significant other.<\/p>\n<\/div><div class=\"fusion-button-wrapper\"><a class=\"fusion-button button-flat fusion-button-default-size button-default fusion-button-default button-3 fusion-button-default-span fusion-button-default-type\" target=\"_self\" href=\"https:\/\/demessey.fr\/gite-montagny\/\"><span class=\"fusion-button-text\">Read more <\/span><\/a><\/div><div class=\"fusion-clearfix\"><\/div><\/div><\/div><\/div><\/div><div class=\"fusion-fullwidth fullwidth-box fusion-builder-row-7 nonhundred-percent-fullwidth non-hundred-percent-height-scrolling\" style=\"--awb-border-radius-top-left:0px;--awb-border-radius-top-right:0px;--awb-border-radius-bottom-right:0px;--awb-border-radius-bottom-left:0px;--awb-flex-wrap:wrap;\" ><div class=\"fusion-builder-row fusion-row\"><div class=\"fusion-layout-column fusion_builder_column fusion-builder-column-9 fusion_builder_column_1_1 1_1 fusion-one-full fusion-column-first fusion-column-last\" style=\"--awb-bg-size:cover;\"><div class=\"fusion-column-wrapper fusion-flex-column-wrapper-legacy\"><div class=\"fusion-sep-clear\"><\/div><div class=\"fusion-separator fusion-full-width-sep\" style=\"margin-left: auto;margin-right: auto;width:100%;\"><\/div><div class=\"fusion-sep-clear\"><\/div><div class=\"fusion-clearfix\"><\/div><\/div><\/div><\/div><\/div><div class=\"fusion-fullwidth fullwidth-box fusion-builder-row-8 nonhundred-percent-fullwidth non-hundred-percent-height-scrolling\" style=\"--awb-border-radius-top-left:0px;--awb-border-radius-top-right:0px;--awb-border-radius-bottom-right:0px;--awb-border-radius-bottom-left:0px;--awb-flex-wrap:wrap;\" ><div class=\"fusion-builder-row fusion-row\"><div class=\"fusion-layout-column fusion_builder_column fusion-builder-column-10 fusion_builder_column_3_4 3_4 fusion-three-fourth fusion-column-first\" style=\"--awb-bg-size:cover;width:75%;width:calc(75% - ( ( 4% ) * 0.75 ) );margin-right: 4%;\"><div class=\"fusion-column-wrapper fusion-flex-column-wrapper-legacy\"><div class=\"fusion-image-element in-legacy-container\" style=\"--awb-caption-title-font-family:var(--h2_typography-font-family);--awb-caption-title-font-weight:var(--h2_typography-font-weight);--awb-caption-title-font-style:var(--h2_typography-font-style);--awb-caption-title-size:var(--h2_typography-font-size);--awb-caption-title-transform:var(--h2_typography-text-transform);--awb-caption-title-line-height:var(--h2_typography-line-height);--awb-caption-title-letter-spacing:var(--h2_typography-letter-spacing);\"><span class=\" fusion-imageframe imageframe-none imageframe-4 hover-type-none\"><img decoding=\"async\" width=\"1008\" height=\"756\" title=\"avouries chassagne\" src=\"http:\/\/pmjdpfwj.preview.infomaniak.website\/wp-content\/uploads\/2017\/12\/16422970_1530956933599134_4155766813534729809_o.jpg\" alt class=\"img-responsive wp-image-1897\" srcset=\"http:\/\/chateaudemessey.com\/wp-content\/uploads\/2017\/12\/16422970_1530956933599134_4155766813534729809_o-200x150.jpg 200w, http:\/\/chateaudemessey.com\/wp-content\/uploads\/2017\/12\/16422970_1530956933599134_4155766813534729809_o-400x300.jpg 400w, http:\/\/chateaudemessey.com\/wp-content\/uploads\/2017\/12\/16422970_1530956933599134_4155766813534729809_o-600x450.jpg 600w, http:\/\/chateaudemessey.com\/wp-content\/uploads\/2017\/12\/16422970_1530956933599134_4155766813534729809_o-800x600.jpg 800w, http:\/\/chateaudemessey.com\/wp-content\/uploads\/2017\/12\/16422970_1530956933599134_4155766813534729809_o.jpg 1008w\" sizes=\"(max-width: 800px) 100vw, 800px\" \/><\/span><\/div><div class=\"fusion-clearfix\"><\/div><\/div><\/div><div class=\"fusion-layout-column fusion_builder_column fusion-builder-column-11 fusion_builder_column_1_4 1_4 fusion-one-fourth fusion-column-last\" style=\"--awb-bg-size:cover;width:25%;width:calc(25% - ( ( 4% ) * 0.25 ) );\"><div class=\"fusion-column-wrapper fusion-flex-column-wrapper-legacy\"><div class=\"fusion-title title fusion-title-4 fusion-sep-none fusion-title-text fusion-title-size-one\"><h1 class=\"fusion-title-heading title-heading-left\" style=\"margin:0;\"><h1>G\u00eete Avoueries-Chassagne<\/h1><\/h1><\/div><div class=\"fusion-text fusion-text-5\"><p>With a large living area and five bedrooms, the Gite can accommodate 10 people.<\/p>\n<\/div><div class=\"fusion-button-wrapper\"><a class=\"fusion-button button-flat fusion-button-default-size button-default fusion-button-default button-4 fusion-button-default-span fusion-button-default-type\" target=\"_self\" href=\"https:\/\/demessey.fr\/gite-avoueries-chassagne\/\"><span class=\"fusion-button-text\">Read more <\/span><\/a><\/div><div class=\"fusion-clearfix\"><\/div><\/div><\/div><\/div><\/div><\/p>\n","protected":false},"excerpt":{"rendered":"","protected":false},"author":1,"featured_media":0,"parent":0,"menu_order":0,"comment_status":"closed","ping_status":"closed","template":"","meta":{"footnotes":""},"class_list":["post-2192","page","type-page","status-publish","hentry"],"_links":{"self":[{"href":"http:\/\/chateaudemessey.com\/en\/wp-json\/wp\/v2\/pages\/2192","targetHints":{"allow":["GET"]}}],"collection":[{"href":"http:\/\/chateaudemessey.com\/en\/wp-json\/wp\/v2\/pages"}],"about":[{"href":"http:\/\/chateaudemessey.com\/en\/wp-json\/wp\/v2\/types\/page"}],"author":[{"embeddable":true,"href":"http:\/\/chateaudemessey.com\/en\/wp-json\/wp\/v2\/users\/1"}],"replies":[{"embeddable":true,"href":"http:\/\/chateaudemessey.com\/en\/wp-json\/wp\/v2\/comments?post=2192"}],"version-history":[{"count":2,"href":"http:\/\/chateaudemessey.com\/en\/wp-json\/wp\/v2\/pages\/2192\/revisions"}],"predecessor-version":[{"id":2194,"href":"http:\/\/chateaudemessey.com\/en\/wp-json\/wp\/v2\/pages\/2192\/revisions\/2194"}],"wp:attachment":[{"href":"http:\/\/chateaudemessey.com\/en\/wp-json\/wp\/v2\/media?parent=2192"}],"curies":[{"name":"wp","href":"https:\/\/api.w.org\/{rel}","templated":true}]}}